{"id":109,"date":"2019-06-12T07:55:31","date_gmt":"2019-06-12T07:55:31","guid":{"rendered":"https:\/\/zoellerpartner.de\/?page_id=109"},"modified":"2020-07-02T12:10:35","modified_gmt":"2020-07-02T12:10:35","slug":"sanitaerinstallationen","status":"publish","type":"page","link":"https:\/\/zoellerpartner.de\/?page_id=109","title":{"rendered":"Sanit\u00e4r"},"content":{"rendered":"\t\t<div data-elementor-type=\"wp-post\" data-elementor-id=\"109\" class=\"elementor elementor-109\">\n\t\t\t\t\t\t<div class=\"elementor-inner\">\n\t\t\t\t<div class=\"elementor-section-wrap\">\n\t\t\t\t\t\t\t\t\t<section class=\"elementor-section elementor-top-section elementor-element elementor-element-386e71f elementor-section-boxed elementor-section-height-default elementor-section-height-default\" data-id=\"386e71f\" data-element_type=\"section\">\n\t\t\t\t\t\t<div class=\"elementor-container elementor-column-gap-default\">\n\t\t\t\t\t\t\t<div class=\"elementor-row\">\n\t\t\t\t\t<div class=\"elementor-column elementor-col-100 elementor-top-column elementor-element elementor-element-e74b0f8\" data-id=\"e74b0f8\" data-element_type=\"column\">\n\t\t\t<div class=\"elementor-column-wrap elementor-element-populated\">\n\t\t\t\t\t\t\t<div class=\"elementor-widget-wrap\">\n\t\t\t\t\t\t<div class=\"elementor-element elementor-element-0cd13e1 elementor-widget elementor-widget-heading\" data-id=\"0cd13e1\" data-element_type=\"widget\" data-widget_type=\"heading.default\">\n\t\t\t\t<div class=\"elementor-widget-container\">\n\t\t\t<h4 class=\"elementor-heading-title elementor-size-default\">Trinkwasserverordnung<\/h4>\t\t<\/div>\n\t\t\t\t<\/div>\n\t\t\t\t\t\t<\/div>\n\t\t\t\t\t<\/div>\n\t\t<\/div>\n\t\t\t\t\t\t\t\t<\/div>\n\t\t\t\t\t<\/div>\n\t\t<\/section>\n\t\t\t\t<section class=\"elementor-section elementor-top-section elementor-element elementor-element-4eca0cc elementor-section-boxed elementor-section-height-default elementor-section-height-default\" data-id=\"4eca0cc\" data-element_type=\"section\">\n\t\t\t\t\t\t<div class=\"elementor-container elementor-column-gap-default\">\n\t\t\t\t\t\t\t<div class=\"elementor-row\">\n\t\t\t\t\t<div class=\"elementor-column elementor-col-100 elementor-top-column elementor-element elementor-element-7913732\" data-id=\"7913732\" data-element_type=\"column\">\n\t\t\t<div class=\"elementor-column-wrap elementor-element-populated\">\n\t\t\t\t\t\t\t<div class=\"elementor-widget-wrap\">\n\t\t\t\t\t\t<div class=\"elementor-element elementor-element-1a99c28 elementor-widget elementor-widget-text-editor\" data-id=\"1a99c28\" data-element_type=\"widget\" data-widget_type=\"text-editor.default\">\n\t\t\t\t<div class=\"elementor-widget-container\">\n\t\t\t\t\t\t\t\t<div class=\"elementor-text-editor elementor-clearfix\">\n\t\t\t\tDie Trinkwasserverordnung hat den Zweck, die menschliche Gesundheit vor nachteiligen Einfl\u00fcssen \nzu sch\u00fctzen, die sich aus einer m\u00f6glichen Verunreinigung des Trinkwassers ergeben k\u00f6nnte. \n\nBei Errichtung, Erweiterung, \u00c4nderung und Instandhaltung von Trinkwasserinstallationen sind die \nanerkannten Regeln der Technik einzuhalten. \nEbenso d\u00fcrfen nur Werkstoffe, Armaturen, Apparate und Bauteile in die Trinkwasserinstallation \neingebaut werden, die diesen anerkannten Regeln entsprechen und DVGW-gepr\u00fcft sind. \n\nDiese Verordnung richtet sich an alle Beteiligten, vom Wasserversorger, Haustechnikplaner, \nInstallateur bis zum Betreiber und jeder hat f\u00fcr seinen Bereich daf\u00fcr Sorge zu tragen, das \ndie Anforderungen an das Trinkwasser f\u00fcr den menschlichen Gebrauch eingehalten werden. <br>\n<em>\nQuelle: Trinkwasserverordnung 2. \u00c4nderung 2012 <\/em>\t\t\t\t\t<\/div>\n\t\t\t\t\t\t<\/div>\n\t\t\t\t<\/div>\n\t\t\t\t\t\t<\/div>\n\t\t\t\t\t<\/div>\n\t\t<\/div>\n\t\t\t\t\t\t\t\t<\/div>\n\t\t\t\t\t<\/div>\n\t\t<\/section>\n\t\t\t\t<section class=\"elementor-section elementor-top-section elementor-element elementor-element-84dad4b elementor-section-boxed elementor-section-height-default elementor-section-height-default\" data-id=\"84dad4b\" data-element_type=\"section\">\n\t\t\t\t\t\t<div class=\"elementor-container elementor-column-gap-default\">\n\t\t\t\t\t\t\t<div class=\"elementor-row\">\n\t\t\t\t\t<div class=\"elementor-column elementor-col-100 elementor-top-column elementor-element elementor-element-203f146\" data-id=\"203f146\" data-element_type=\"column\">\n\t\t\t<div class=\"elementor-column-wrap elementor-element-populated\">\n\t\t\t\t\t\t\t<div class=\"elementor-widget-wrap\">\n\t\t\t\t\t\t<div class=\"elementor-element elementor-element-308d0ad elementor-widget elementor-widget-text-editor\" data-id=\"308d0ad\" data-element_type=\"widget\" data-widget_type=\"text-editor.default\">\n\t\t\t\t<div class=\"elementor-widget-container\">\n\t\t\t\t\t\t\t\t<div class=\"elementor-text-editor elementor-clearfix\">\n\t\t\t\tEs gibt einige Werkstoffe zum Transport des Trinkwassers: \n\t\t\t\t\t<\/div>\n\t\t\t\t\t\t<\/div>\n\t\t\t\t<\/div>\n\t\t\t\t\t\t<\/div>\n\t\t\t\t\t<\/div>\n\t\t<\/div>\n\t\t\t\t\t\t\t\t<\/div>\n\t\t\t\t\t<\/div>\n\t\t<\/section>\n\t\t\t\t<section class=\"elementor-section elementor-top-section elementor-element elementor-element-7203528 elementor-section-boxed elementor-section-height-default elementor-section-height-default\" data-id=\"7203528\" data-element_type=\"section\">\n\t\t\t\t\t\t<div class=\"elementor-container elementor-column-gap-default\">\n\t\t\t\t\t\t\t<div class=\"elementor-row\">\n\t\t\t\t\t<div class=\"elementor-column elementor-col-33 elementor-top-column elementor-element elementor-element-f5ff6da\" data-id=\"f5ff6da\" data-element_type=\"column\">\n\t\t\t<div class=\"elementor-column-wrap elementor-element-populated\">\n\t\t\t\t\t\t\t<div class=\"elementor-widget-wrap\">\n\t\t\t\t\t\t<div class=\"elementor-element elementor-element-ef32b87 elementor-widget elementor-widget-text-editor\" data-id=\"ef32b87\" data-element_type=\"widget\" data-widget_type=\"text-editor.default\">\n\t\t\t\t<div class=\"elementor-widget-container\">\n\t\t\t\t\t\t\t\t<div class=\"elementor-text-editor elementor-clearfix\">\n\t\t\t\tKUPFERROHRE\t\t\t\t\t<\/div>\n\t\t\t\t\t\t<\/div>\n\t\t\t\t<\/div>\n\t\t\t\t\t\t<\/div>\n\t\t\t\t\t<\/div>\n\t\t<\/div>\n\t\t\t\t<div class=\"elementor-column elementor-col-33 elementor-top-column elementor-element elementor-element-dfffac6\" data-id=\"dfffac6\" data-element_type=\"column\">\n\t\t\t<div class=\"elementor-column-wrap elementor-element-populated\">\n\t\t\t\t\t\t\t<div class=\"elementor-widget-wrap\">\n\t\t\t\t\t\t<div class=\"elementor-element elementor-element-11898ea elementor-widget elementor-widget-text-editor\" data-id=\"11898ea\" data-element_type=\"widget\" data-widget_type=\"text-editor.default\">\n\t\t\t\t<div class=\"elementor-widget-container\">\n\t\t\t\t\t\t\t\t<div class=\"elementor-text-editor elementor-clearfix\">\n\t\t\t\tMEHRSCHICHT-VERBUNDROHRE\t\t\t\t\t<\/div>\n\t\t\t\t\t\t<\/div>\n\t\t\t\t<\/div>\n\t\t\t\t\t\t<\/div>\n\t\t\t\t\t<\/div>\n\t\t<\/div>\n\t\t\t\t<div class=\"elementor-column elementor-col-33 elementor-top-column elementor-element elementor-element-96f10f8\" data-id=\"96f10f8\" data-element_type=\"column\">\n\t\t\t<div class=\"elementor-column-wrap elementor-element-populated\">\n\t\t\t\t\t\t\t<div class=\"elementor-widget-wrap\">\n\t\t\t\t\t\t<div class=\"elementor-element elementor-element-dcbf43a elementor-widget elementor-widget-text-editor\" data-id=\"dcbf43a\" data-element_type=\"widget\" data-widget_type=\"text-editor.default\">\n\t\t\t\t<div class=\"elementor-widget-container\">\n\t\t\t\t\t\t\t\t<div class=\"elementor-text-editor elementor-clearfix\">\n\t\t\t\tEDELSTAHLROHRE\t\t\t\t\t<\/div>\n\t\t\t\t\t\t<\/div>\n\t\t\t\t<\/div>\n\t\t\t\t\t\t<\/div>\n\t\t\t\t\t<\/div>\n\t\t<\/div>\n\t\t\t\t\t\t\t\t<\/div>\n\t\t\t\t\t<\/div>\n\t\t<\/section>\n\t\t\t\t\t\t\t\t\t<\/div>\n\t\t\t<\/div>\n\t\t\t\t\t<\/div>\n\t\t","protected":false},"excerpt":{"rendered":"<p>Trinkwasserverordnung Die Trinkwasserverordnung hat den Zweck, die menschliche Gesundheit vor nachteiligen Einfl\u00fcssen zu sch\u00fctzen, die sich aus einer m\u00f6glichen Verunreinigung des Trinkwassers ergeben k\u00f6nnte. Bei Errichtung, Erweiterung, \u00c4nderung und Instandhaltung von Trinkwasserinstallationen sind die anerkannten Regeln der Technik einzuhalten. Ebenso d\u00fcrfen nur Werkstoffe, Armaturen, Apparate und Bauteile in die Trinkwasserinstallation eingebaut werden, die diesen anerkannten &hellip; <a href=\"https:\/\/zoellerpartner.de\/?page_id=109\" class=\"more-link\"><span class=\"screen-reader-text\">Sanit\u00e4r<\/span> weiterlesen<\/a><\/p>\n","protected":false},"author":1,"featured_media":0,"parent":0,"menu_order":0,"comment_status":"closed","ping_status":"closed","template":"","meta":{"footnotes":""},"_links":{"self":[{"href":"https:\/\/zoellerpartner.de\/index.php?rest_route=\/wp\/v2\/pages\/109"}],"collection":[{"href":"https:\/\/zoellerpartner.de\/index.php?rest_route=\/wp\/v2\/pages"}],"about":[{"href":"https:\/\/zoellerpartner.de\/index.php?rest_route=\/wp\/v2\/types\/page"}],"author":[{"embeddable":true,"href":"https:\/\/zoellerpartner.de\/index.php?rest_route=\/wp\/v2\/users\/1"}],"replies":[{"embeddable":true,"href":"https:\/\/zoellerpartner.de\/index.php?rest_route=%2Fwp%2Fv2%2Fcomments&post=109"}],"version-history":[{"count":12,"href":"https:\/\/zoellerpartner.de\/index.php?rest_route=\/wp\/v2\/pages\/109\/revisions"}],"predecessor-version":[{"id":149,"href":"https:\/\/zoellerpartner.de\/index.php?rest_route=\/wp\/v2\/pages\/109\/revisions\/149"}],"wp:attachment":[{"href":"https:\/\/zoellerpartner.de\/index.php?rest_route=%2Fwp%2Fv2%2Fmedia&parent=109"}],"curies":[{"name":"wp","href":"https:\/\/api.w.org\/{rel}","templated":true}]}}