{"id":2,"date":"2016-05-10T03:48:21","date_gmt":"2016-05-10T03:48:21","guid":{"rendered":"http:\/\/zoellerpartner.de\/?page_id=2"},"modified":"2019-06-19T11:09:52","modified_gmt":"2019-06-19T11:09:52","slug":"sample-page","status":"publish","type":"page","link":"https:\/\/zoellerpartner.de\/","title":{"rendered":"Willkommen"},"content":{"rendered":"\t\t<div data-elementor-type=\"wp-post\" data-elementor-id=\"2\" class=\"elementor elementor-2\">\n\t\t\t\t\t\t<div class=\"elementor-inner\">\n\t\t\t\t<div class=\"elementor-section-wrap\">\n\t\t\t\t\t\t\t\t\t<section class=\"elementor-section elementor-top-section elementor-element elementor-element-16bab25 elementor-section-boxed elementor-section-height-default elementor-section-height-default\" data-id=\"16bab25\" data-element_type=\"section\">\n\t\t\t\t\t\t<div class=\"elementor-container elementor-column-gap-default\">\n\t\t\t\t\t\t\t<div class=\"elementor-row\">\n\t\t\t\t\t<div class=\"elementor-column elementor-col-100 elementor-top-column elementor-element elementor-element-7243da7\" data-id=\"7243da7\" data-element_type=\"column\">\n\t\t\t<div class=\"elementor-column-wrap elementor-element-populated\">\n\t\t\t\t\t\t\t<div class=\"elementor-widget-wrap\">\n\t\t\t\t\t\t<div class=\"elementor-element elementor-element-e01a435 elementor-widget elementor-widget-heading\" data-id=\"e01a435\" data-element_type=\"widget\" data-widget_type=\"heading.default\">\n\t\t\t\t<div class=\"elementor-widget-container\">\n\t\t\t<h2 class=\"elementor-heading-title elementor-size-default\">Die Firma z\u00f6ller+partner GmbH<\/h2>\t\t<\/div>\n\t\t\t\t<\/div>\n\t\t\t\t\t\t<\/div>\n\t\t\t\t\t<\/div>\n\t\t<\/div>\n\t\t\t\t\t\t\t\t<\/div>\n\t\t\t\t\t<\/div>\n\t\t<\/section>\n\t\t\t\t<section class=\"elementor-section elementor-top-section elementor-element elementor-element-519d0aa6 elementor-section-boxed elementor-section-height-default elementor-section-height-default\" data-id=\"519d0aa6\" data-element_type=\"section\">\n\t\t\t\t\t\t<div class=\"elementor-container elementor-column-gap-default\">\n\t\t\t\t\t\t\t<div class=\"elementor-row\">\n\t\t\t\t\t<div class=\"elementor-column elementor-col-100 elementor-top-column elementor-element elementor-element-11bf66b6\" data-id=\"11bf66b6\" data-element_type=\"column\">\n\t\t\t<div class=\"elementor-column-wrap elementor-element-populated\">\n\t\t\t\t\t\t\t<div class=\"elementor-widget-wrap\">\n\t\t\t\t\t\t<div class=\"elementor-element elementor-element-605667d5 elementor-widget elementor-widget-text-editor\" data-id=\"605667d5\" data-element_type=\"widget\" data-widget_type=\"text-editor.default\">\n\t\t\t\t<div class=\"elementor-widget-container\">\n\t\t\t\t\t\t\t\t<div class=\"elementor-text-editor elementor-clearfix\">\n\t\t\t\t<p><!-- wp:heading --><\/p>\n<p><!-- \/wp:heading --><!-- wp:paragraph --><\/p>\n<p>Unsere Firma wurde 1993 gegr\u00fcndet und verf\u00fcgt \u00fcber gr\u00f6\u00dfte Fachkompetenz und Erfahrung im Bereich <strong>Heizung, L\u00fcftun<\/strong>g und <strong>Sanit\u00e4r<\/strong> in Industrie und Haustechnik. Die Zufriedenheit unserer Kunden ist uns sehr wichtig.<\/p>\n<p><!-- \/wp:paragraph --><!-- wp:paragraph --><\/p>\n<p>Daf\u00fcr bieten wir Ihnen Qualit\u00e4t zu fairen Preisen. Bei uns haben Sie alles in einer Hand &#8211; von der <strong>Beratung<\/strong> und <strong>Planung<\/strong> bis zur I<strong>nstallation<\/strong>, <strong>Wartung<\/strong> und <strong>Instandhaltung<\/strong>. Unser Ziel ist es, f\u00fcr jede Aufgabe die optimale L\u00f6sung zu finden. Wenn Sie einen kompetenten Partner rund um die Haustechnik suchen, dann sind Sie bei uns in den richtigen H\u00e4nden. F\u00fcr eine pers\u00f6nliche, unverbindliche Beratung kommen wir auch gerne zu Ihnen vor Ort.<\/p>\n<p><!-- \/wp:paragraph --><!-- wp:paragraph --><\/p>\n<p><em>Vereinbaren Sie noch heute einen Termin!<\/em><\/p>\n<p><!-- \/wp:paragraph --><!-- wp:image {\"id\":17} --><\/p>\n<figure class=\"wp-block-image\"><img decoding=\"async\" loading=\"lazy\" width=\"274\" height=\"28\" class=\"wp-image-17\" src=\"https:\/\/zoellerpartner.de\/wp-content\/uploads\/2019\/06\/UnterschriftDegen.jpg\" alt=\"\" \/><\/figure>\n<p><!-- \/wp:image --><\/p>\t\t\t\t\t<\/div>\n\t\t\t\t\t\t<\/div>\n\t\t\t\t<\/div>\n\t\t\t\t\t\t<\/div>\n\t\t\t\t\t<\/div>\n\t\t<\/div>\n\t\t\t\t\t\t\t\t<\/div>\n\t\t\t\t\t<\/div>\n\t\t<\/section>\n\t\t\t\t\t\t\t\t\t<\/div>\n\t\t\t<\/div>\n\t\t\t\t\t<\/div>\n\t\t","protected":false},"excerpt":{"rendered":"<p>Die Firma z\u00f6ller+partner GmbH Unsere Firma wurde 1993 gegr\u00fcndet und verf\u00fcgt \u00fcber gr\u00f6\u00dfte Fachkompetenz und Erfahrung im Bereich Heizung, L\u00fcftung und Sanit\u00e4r in Industrie und Haustechnik. Die Zufriedenheit unserer Kunden ist uns sehr wichtig. Daf\u00fcr bieten wir Ihnen Qualit\u00e4t zu fairen Preisen. Bei uns haben Sie alles in einer Hand &#8211; von der Beratung und &hellip; <a href=\"https:\/\/zoellerpartner.de\/\" class=\"more-link\"><span class=\"screen-reader-text\">Willkommen<\/span> weiterlesen<\/a><\/p>\n","protected":false},"author":1,"featured_media":234,"parent":0,"menu_order":0,"comment_status":"closed","ping_status":"open","template":"","meta":{"footnotes":""},"_links":{"self":[{"href":"https:\/\/zoellerpartner.de\/index.php?rest_route=\/wp\/v2\/pages\/2"}],"collection":[{"href":"https:\/\/zoellerpartner.de\/index.php?rest_route=\/wp\/v2\/pages"}],"about":[{"href":"https:\/\/zoellerpartner.de\/index.php?rest_route=\/wp\/v2\/types\/page"}],"author":[{"embeddable":true,"href":"https:\/\/zoellerpartner.de\/index.php?rest_route=\/wp\/v2\/users\/1"}],"replies":[{"embeddable":true,"href":"https:\/\/zoellerpartner.de\/index.php?rest_route=%2Fwp%2Fv2%2Fcomments&post=2"}],"version-history":[{"count":17,"href":"https:\/\/zoellerpartner.de\/index.php?rest_route=\/wp\/v2\/pages\/2\/revisions"}],"predecessor-version":[{"id":235,"href":"https:\/\/zoellerpartner.de\/index.php?rest_route=\/wp\/v2\/pages\/2\/revisions\/235"}],"wp:featuredmedia":[{"embeddable":true,"href":"https:\/\/zoellerpartner.de\/index.php?rest_route=\/wp\/v2\/media\/234"}],"wp:attachment":[{"href":"https:\/\/zoellerpartner.de\/index.php?rest_route=%2Fwp%2Fv2%2Fmedia&parent=2"}],"curies":[{"name":"wp","href":"https:\/\/api.w.org\/{rel}","templated":true}]}}